{"id":52697,"date":"2021-07-05T14:00:21","date_gmt":"2021-07-05T14:00:21","guid":{"rendered":"http:\/\/staging.entertaining-achiever.flywheelsites.com\/notre-objectif\/"},"modified":"2021-07-05T14:00:22","modified_gmt":"2021-07-05T14:00:22","slug":"notre-objectif","status":"publish","type":"page","link":"https:\/\/foundtreasure.org\/fr\/notre-objectif\/","title":{"rendered":"Notre objectif"},"content":{"rendered":"\n<h2>Informer, ne pas cautionner<\/h2>\n\n<p>Notre objectif est de fournir \u00e0 nos joueurs le plus d&rsquo;informations fiables et dignes de confiance possible. Online Casino.ceo ne fait en aucun cas la promotion des jeux d&rsquo;argent.<\/p>\n\n<h2>Nos standards et attentes<\/h2>\n\n<p>Comment nous avons pond\u00e9r\u00e9 les diff\u00e9rents facteurs dans notre \u00e9valuation finale : nous avons mis l&rsquo;accent sur la s\u00e9curit\u00e9 et la s\u00fbret\u00e9 avant tout, avec les services bancaires, les paiements et l&rsquo;exp\u00e9rience de l&rsquo;utilisateur en ligne qui ont \u00e9galement pes\u00e9 lourd. Des d\u00e9tails tels que l&rsquo;accessibilit\u00e9, la compatibilit\u00e9 et le service client\u00e8le ont \u00e9galement \u00e9t\u00e9 pris en compte. Bien que les bonus d&rsquo;inscription, les promotions hebdomadaires et la r\u00e9putation des casinos en ligne aient \u00e9t\u00e9 pris en compte, ils ne jouent pas un r\u00f4le important dans notre \u00e9valuation.<\/p>\n","protected":false},"excerpt":{"rendered":"<p>Informer, ne pas cautionner Notre objectif est de fournir \u00e0 nos joueurs le plus d&rsquo;informations fiables et dignes de confiance possible. Online Casino.ceo ne fait en [&hellip;]<\/p>\n","protected":false},"author":9,"featured_media":0,"parent":0,"menu_order":0,"comment_status":"closed","ping_status":"closed","template":"","meta":{"_bbp_topic_count":0,"_bbp_reply_count":0,"_bbp_total_topic_count":0,"_bbp_total_reply_count":0,"_bbp_voice_count":0,"_bbp_anonymous_reply_count":0,"_bbp_topic_count_hidden":0,"_bbp_reply_count_hidden":0,"_bbp_forum_subforum_count":0,"pgc_sgb_lightbox_settings":""},"acf":[],"yoast_head":"<!-- This site is optimized with the Yoast SEO plugin v18.3 - https:\/\/yoast.com\/wordpress\/plugins\/seo\/ -->\n<title>Notre objectif - Found Treasure<\/title>\n<meta name=\"robots\" content=\"index, follow, max-snippet:-1, max-image-preview:large, max-video-preview:-1\" \/>\n<link rel=\"canonical\" href=\"https:\/\/foundtreasure.org\/fr\/notre-objectif\/\" \/>\n<meta property=\"og:locale\" content=\"fr_FR\" \/>\n<meta property=\"og:type\" content=\"article\" \/>\n<meta property=\"og:title\" content=\"Notre objectif - Found Treasure\" \/>\n<meta property=\"og:description\" content=\"Informer, ne pas cautionner Notre objectif est de fournir \u00e0 nos joueurs le plus d&rsquo;informations fiables et dignes de confiance possible. Online Casino.ceo ne fait en [&hellip;]\" \/>\n<meta property=\"og:url\" content=\"https:\/\/foundtreasure.org\/fr\/notre-objectif\/\" \/>\n<meta property=\"og:site_name\" content=\"Found Treasure\" \/>\n<meta property=\"article:modified_time\" content=\"2021-07-05T14:00:22+00:00\" \/>\n<meta name=\"twitter:card\" content=\"summary_large_image\" \/>\n<meta name=\"twitter:label1\" content=\"Dur\u00e9e de lecture estim\u00e9e\" \/>\n\t<meta name=\"twitter:data1\" content=\"1 minute\" \/>\n<script type=\"application\/ld+json\" class=\"yoast-schema-graph\">{\"@context\":\"https:\/\/schema.org\",\"@graph\":[{\"@type\":\"Organization\",\"@id\":\"https:\/\/foundtreasure.org\/#organization\",\"name\":\"Online Casino\",\"url\":\"https:\/\/foundtreasure.org\/\",\"sameAs\":[],\"logo\":{\"@type\":\"ImageObject\",\"@id\":\"https:\/\/foundtreasure.org\/#logo\",\"inLanguage\":\"fr-FR\",\"url\":\"https:\/\/foundtreasure.org\/wp-content\/uploads\/2021\/02\/icon.png\",\"contentUrl\":\"https:\/\/foundtreasure.org\/wp-content\/uploads\/2021\/02\/icon.png\",\"width\":512,\"height\":512,\"caption\":\"Online Casino\"},\"image\":{\"@id\":\"https:\/\/foundtreasure.org\/#logo\"}},{\"@type\":\"WebSite\",\"@id\":\"https:\/\/foundtreasure.org\/#website\",\"url\":\"https:\/\/foundtreasure.org\/\",\"name\":\"Online Casino\",\"description\":\"\",\"publisher\":{\"@id\":\"https:\/\/foundtreasure.org\/#organization\"},\"potentialAction\":[{\"@type\":\"SearchAction\",\"target\":{\"@type\":\"EntryPoint\",\"urlTemplate\":\"https:\/\/foundtreasure.org\/?s={search_term_string}\"},\"query-input\":\"required name=search_term_string\"}],\"inLanguage\":\"fr-FR\"},{\"@type\":\"WebPage\",\"@id\":\"https:\/\/foundtreasure.org\/fr\/notre-objectif\/#webpage\",\"url\":\"https:\/\/foundtreasure.org\/fr\/notre-objectif\/\",\"name\":\"Notre objectif - Found Treasure\",\"isPartOf\":{\"@id\":\"https:\/\/foundtreasure.org\/#website\"},\"datePublished\":\"2021-07-05T14:00:21+00:00\",\"dateModified\":\"2021-07-05T14:00:22+00:00\",\"breadcrumb\":{\"@id\":\"https:\/\/foundtreasure.org\/fr\/notre-objectif\/#breadcrumb\"},\"inLanguage\":\"fr-FR\",\"potentialAction\":[{\"@type\":\"ReadAction\",\"target\":[\"https:\/\/foundtreasure.org\/fr\/notre-objectif\/\"]}]},{\"@type\":\"BreadcrumbList\",\"@id\":\"https:\/\/foundtreasure.org\/fr\/notre-objectif\/#breadcrumb\",\"itemListElement\":[{\"@type\":\"ListItem\",\"position\":1,\"name\":\"Home\",\"item\":\"https:\/\/foundtreasure.org\/fr\/\"},{\"@type\":\"ListItem\",\"position\":2,\"name\":\"Notre objectif\"}]}]}<\/script>\n<!-- \/ Yoast SEO plugin. -->","yoast_head_json":{"title":"Notre objectif - Found Treasure","robots":{"index":"index","follow":"follow","max-snippet":"max-snippet:-1","max-image-preview":"max-image-preview:large","max-video-preview":"max-video-preview:-1"},"canonical":"https:\/\/foundtreasure.org\/fr\/notre-objectif\/","og_locale":"fr_FR","og_type":"article","og_title":"Notre objectif - Found Treasure","og_description":"Informer, ne pas cautionner Notre objectif est de fournir \u00e0 nos joueurs le plus d&rsquo;informations fiables et dignes de confiance possible. Online Casino.ceo ne fait en [&hellip;]","og_url":"https:\/\/foundtreasure.org\/fr\/notre-objectif\/","og_site_name":"Found Treasure","article_modified_time":"2021-07-05T14:00:22+00:00","twitter_card":"summary_large_image","twitter_misc":{"Dur\u00e9e de lecture estim\u00e9e":"1 minute"},"schema":{"@context":"https:\/\/schema.org","@graph":[{"@type":"Organization","@id":"https:\/\/foundtreasure.org\/#organization","name":"Online Casino","url":"https:\/\/foundtreasure.org\/","sameAs":[],"logo":{"@type":"ImageObject","@id":"https:\/\/foundtreasure.org\/#logo","inLanguage":"fr-FR","url":"https:\/\/foundtreasure.org\/wp-content\/uploads\/2021\/02\/icon.png","contentUrl":"https:\/\/foundtreasure.org\/wp-content\/uploads\/2021\/02\/icon.png","width":512,"height":512,"caption":"Online Casino"},"image":{"@id":"https:\/\/foundtreasure.org\/#logo"}},{"@type":"WebSite","@id":"https:\/\/foundtreasure.org\/#website","url":"https:\/\/foundtreasure.org\/","name":"Online Casino","description":"","publisher":{"@id":"https:\/\/foundtreasure.org\/#organization"},"potentialAction":[{"@type":"SearchAction","target":{"@type":"EntryPoint","urlTemplate":"https:\/\/foundtreasure.org\/?s={search_term_string}"},"query-input":"required name=search_term_string"}],"inLanguage":"fr-FR"},{"@type":"WebPage","@id":"https:\/\/foundtreasure.org\/fr\/notre-objectif\/#webpage","url":"https:\/\/foundtreasure.org\/fr\/notre-objectif\/","name":"Notre objectif - Found Treasure","isPartOf":{"@id":"https:\/\/foundtreasure.org\/#website"},"datePublished":"2021-07-05T14:00:21+00:00","dateModified":"2021-07-05T14:00:22+00:00","breadcrumb":{"@id":"https:\/\/foundtreasure.org\/fr\/notre-objectif\/#breadcrumb"},"inLanguage":"fr-FR","potentialAction":[{"@type":"ReadAction","target":["https:\/\/foundtreasure.org\/fr\/notre-objectif\/"]}]},{"@type":"BreadcrumbList","@id":"https:\/\/foundtreasure.org\/fr\/notre-objectif\/#breadcrumb","itemListElement":[{"@type":"ListItem","position":1,"name":"Home","item":"https:\/\/foundtreasure.org\/fr\/"},{"@type":"ListItem","position":2,"name":"Notre objectif"}]}]}},"_links":{"self":[{"href":"https:\/\/foundtreasure.org\/fr\/wp-json\/wp\/v2\/pages\/52697"}],"collection":[{"href":"https:\/\/foundtreasure.org\/fr\/wp-json\/wp\/v2\/pages"}],"about":[{"href":"https:\/\/foundtreasure.org\/fr\/wp-json\/wp\/v2\/types\/page"}],"author":[{"embeddable":true,"href":"https:\/\/foundtreasure.org\/fr\/wp-json\/wp\/v2\/users\/9"}],"replies":[{"embeddable":true,"href":"https:\/\/foundtreasure.org\/fr\/wp-json\/wp\/v2\/comments?post=52697"}],"version-history":[{"count":1,"href":"https:\/\/foundtreasure.org\/fr\/wp-json\/wp\/v2\/pages\/52697\/revisions"}],"predecessor-version":[{"id":52698,"href":"https:\/\/foundtreasure.org\/fr\/wp-json\/wp\/v2\/pages\/52697\/revisions\/52698"}],"wp:attachment":[{"href":"https:\/\/foundtreasure.org\/fr\/wp-json\/wp\/v2\/media?parent=52697"}],"curies":[{"name":"wp","href":"https:\/\/api.w.org\/{rel}","templated":true}]}}