{"id":2376,"date":"2021-04-16T10:28:40","date_gmt":"2021-04-16T10:28:40","guid":{"rendered":"https:\/\/onlinecasino.ceo\/jeu-responsable\/"},"modified":"2021-07-05T14:26:33","modified_gmt":"2021-07-05T14:26:33","slug":"jeu-responsable","status":"publish","type":"page","link":"https:\/\/foundtreasure.org\/fr\/jeu-responsable\/","title":{"rendered":"Jeu responsable"},"content":{"rendered":"\n<p>Nous voulons que vous profitiez d\u2019une exp\u00e9rience hors du commun et nous allons le faire en prenant soin de vous.<\/p>\n\n<p>Le jeu devrait \u00eatre un pur divertissement, cependant, vous ne pouvez pas <a href=\"https:\/\/foundtreasure.org\/category\/casino-games\/\" data-type=\"URL\" data-id=\"https:\/\/foundtreasure.org\/category\/casino-games\/\">always win<\/a>. Malheureusement, perdre fait aussi partie du jeu et nous voulons nous assurer que vous y \u00eates pr\u00e9par\u00e9. Nous voulons vous sensibiliser aux difficult\u00e9s sociales et financi\u00e8res qui peuvent survenir si vous trouvez que le jeu n&rsquo;est plus une partie de plaisir.<\/p>\n\n<p>Le jeu peut \u00eatre addictif et peut facilement vous faire perdre la perspective du temps et de l\u2019argent. Nous voulons que votre exp\u00e9rience de jeu \u00e0 Funbet soit aussi positive que possible, m\u00eame si vous perdez.<\/p>\n\n<p>Ne d\u00e9pensez que ce que vous pouvez vous permettre de risquer tout en maintenant un certain contr\u00f4le de vous-m\u00eame. Gardez-le ensemble en vous souvenant\u00a0:<\/p>\n\n<p>1. <a href=\"https:\/\/foundtreasure.org\/fr\/category\/casinos-fr\/\" data-type=\"URL\" data-id=\"https:\/\/foundtreasure.org\/category\/comprehensive-directory-online-casinos\/\">Gambling<\/a> doit toujours \u00eatre fait avec mod\u00e9ration et entrepris comme une forme de loisir et non comme un v\u00e9ritable moyen de gagner de l&rsquo;argent.<br\/>2. \u00c9vitez de courir apr\u00e8s les pertes &#8211; il y aura toujours un autre jour.<br\/>3. Ne jouez que lorsque vous pouvez couvrir les pertes.<br\/>4. Gardez la trace du temps et surveillez le montant d&rsquo;argent que vous d\u00e9pensez.<br\/>5. Utilisez tous les outils de limite pour garder le contr\u00f4le.<br\/>6. Si vous avez besoin d&rsquo;une pause dans le jeu, l&rsquo;auto-exclusion d&rsquo;un ou de tous nos produits peut \u00eatre activ\u00e9e en contactant l&rsquo;assistance.<br\/>Si vous avez besoin de parler \u00e0 quelqu&rsquo;un de vos pr\u00e9occupations concernant vos habitudes de jeu, veuillez contacter l&rsquo;un des organismes indiqu\u00e9s ci-dessous.<\/p>\n\n<h2><p>Probl\u00e8me d&rsquo;addiction au jeu?<\/p><\/h2>\n\n<p>Testez-vous pour voir si vous pourriez avoir un probl\u00e8me de jeu, en vous posant les questions suivantes\u00a0:<\/p>\n\n<p><span id=\"s2_1\">1. Le jeu vous emp\u00eache-t-il d\u2019assister \u00e0 des cours d\u2019\u00e9ducation ou de travailler?<\/span>&#13;\n<span id=\"s2_2\">2. Jouez-vous pour passer le temps ou pour arr\u00eater l\u2019ennui?<\/span>&#13;\n<span id=\"s2_3\">3. Jouez-vous seul pendant de longues p\u00e9riodes?<\/span>&#13;\n<span id=\"s2_4\">4. D\u2019autres vous ont-ils d\u00e9j\u00e0 critiqu\u00e9 pour votre jeu?<\/span>&#13;\n<span id=\"s2_5\">5. Avez-vous perdu l\u2019int\u00e9r\u00eat pour la famille, les amis ou les passe-temps en raison du jeu?<\/span>&#13;\n<span id=\"s2_6\">6. Avez-vous d\u00e9j\u00e0 menti pour couvrir le montant d\u2019argent ou le temps que vous passez \u00e0 jouer?<\/span>&#13;\n<span id=\"s2_7\">7. Avez-vous menti, vol\u00e9 ou emprunt\u00e9 pour maintenir vos habitudes de pari?<\/span>&#13;\n<span id=\"s2_8\">8. \u00cates-vous r\u00e9ticent \u00e0 d\u00e9penser de l\u2019argent pour autre chose?<\/span>&#13;\n<span id=\"s2_9\">9. Jouez-vous jusqu\u2019\u00e0 ce que vous perdiez tout votre argent?<\/span>&#13;\n<span id=\"s2_10\">10. Apr\u00e8s avoir perdu, pensez-vous que vous devez essayer de r\u00e9cup\u00e9rer les pertes le plus t\u00f4t possible?<\/span>&#13;\n<span id=\"s2_11\">11. Si vous manquez d\u2019argent lorsque vous jouez, vous sentez-vous perdu et d\u00e9sesp\u00e9r\u00e9 et ressentez-vous le besoin de jouer de nouveau d\u00e8s que possible?<\/span>&#13;\n<span id=\"s2_12\">12. Les arguments, les frustrations ou les d\u00e9ceptions vous donnent-ils envie de jouer?<\/span>&#13;\n<span id=\"s2_13\">13. Le jeu vous rend-il d\u00e9prim\u00e9 ou m\u00eame suicidaire?<\/span><\/p>\n\n<p>Si vous avez r\u00e9pondu \u00ab\u00a0oui\u00a0\u00bb pour la plupart, veuillez contacter l\u2019une des Gambling Counselling Organisations list\u00e9es ci-dessous pour obtenir des conseils et du soutien.<\/p>\n\n<h2><p>Conna\u00eetre vos limites<\/p><\/h2>\n\n<p>Nous nous sommes tous confront\u00e9s \u00e0 notre limite, \u00e0 un moment ou \u00e0 un autre, mais si vous constatez que vous avez d\u00e9pass\u00e9 votre budget de jeu, nous avons des outils en place chez Funbet qui peuvent vous aider \u00e0 rester au top\u00a0:<\/p>\n\n<h2><p>Auto-exclusion<\/p><\/h2>\n\n<p><span id=\"s2_1\">Si vous souhaitez prendre une pause plus appliqu\u00e9e de jeu pour une p\u00e9riode pr\u00e9d\u00e9termin\u00e9e en raison de pr\u00e9occupations de jeu responsable, vous pouvez demander \u00e0 Cool-off.<\/span>&#13;\n<span id=\"s2_2\">Si vous sentez que vous avez besoin de prendre une p\u00e9riode plus \u00e9tendue loin du casino comme le jeu vous cause des probl\u00e8mes, vous pouvez Self-Xclude.<\/span>&#13;\n<span id=\"s2_3\">Veuillez noter que les retraits ne seront pas trait\u00e9s plus rapidement et que vous ne pourrez pas rouvrir votre compte \u00e0 tout moment jusqu\u2019\u00e0 ce que votre p\u00e9riode de r\u00e9cup\u00e9ration ou d\u2019auto-exclusion se soit \u00e9coul\u00e9e et que l\u2019auto-exclusion s\u2019applique uniquement \u00e0 Funbet.<\/span><\/p>\n\n<h2>Counseling en mati\u00e8re de jeu<\/h2>\n\n<p>Gamblers Anonymous est une communaut\u00e9 d\u2019hommes et de femmes qui se sont unis pour partager leurs exp\u00e9riences et r\u00e9soudre leurs probl\u00e8mes communs tout en aidant d\u2019autres joueurs compulsifs \u00e0 faire de m\u00eame. Il existe des bourses r\u00e9gionales dans le monde entier. Le site de service international Gamblers Anonymous se trouve sur www.gamblersanonymous.org.uk.<\/p>\n\n<p>Gambling Therapy fournit un soutien et des conseils \u00e0 toute personne affect\u00e9e par le jeu. Les membres de l\u2019\u00e9quipe Gambling Therapy op\u00e8rent \u00e0 partir de sites au Royaume-Uni et \u00e0 l\u2019\u00e9tranger. De plus amples informations sont disponibles sur www.gamblingtherapy.org.<\/p>\n\n<h2>Jeu d&rsquo;argent &amp; mineurs<\/h2>\n\n<p><span id=\"s2_1\">Il est ill\u00e9gal pour toute personne de moins de 18 ans d\u2019ouvrir un compte ou de jouer sur Funbet. Pour se conformer \u00e0 la loi, nous effectuons des contr\u00f4les d\u2019\u00e2ge sur tous nos clients en utilisant des m\u00e9canismes de paiement qui sont disponibles pour les moins de 18 ans. Nous effectuons \u00e9galement d\u2019autres v\u00e9rifications al\u00e9atoires de l\u2019\u00e2ge des clients au moyen d\u2019autres m\u00e9canismes de financement.<\/span>&#13;\n<span id=\"s2_2\">Toute personne \u00e2g\u00e9e de moins de 18 ans qui utilise le site renoncera \u00e0 ses gains et sera probablement signal\u00e9e \u00e0 la police.<\/span><\/p>\n\n<h2>Syst\u00e8mes de filtrage<\/h2>\n\n<p><span id=\"s2_1\">Le logiciel de filtrage vous permet de r\u00e9guler l\u2019acc\u00e8s \u00e0 Internet, en fonction des crit\u00e8res choisis. Ces filtres peuvent \u00eatre utilis\u00e9s pour emp\u00eacher les enfants d\u2019acc\u00e9der, entre autres, aux sites de jeu.<\/span>&#13;\n<span id=\"s2_2\">Si vous partagez votre ordinateur avec une personne en dessous de l\u2019\u00e2ge l\u00e9gal requis pour s\u2019inscrire ou jouer sur notre site, ou toute personne qui a demand\u00e9 l\u2019auto-exclusion des sites de jeu, s\u2019il vous pla\u00eet envisager d\u2019installer des solutions de filtrage telles que:<\/span>&#13;\n<span id=\"s2_3\">\u2022 Net NannyMC www.netnanny.com<\/span>&#13;\n<span id=\"s2_4\">\u2022 GamBan www.gamban.com<\/span><\/p>\n","protected":false},"excerpt":{"rendered":"<p>Nous voulons que vous profitiez d\u2019une exp\u00e9rience hors du commun et nous allons le faire en prenant soin de vous. Le jeu devrait \u00eatre un pur [&hellip;]<\/p>\n","protected":false},"author":1,"featured_media":0,"parent":0,"menu_order":0,"comment_status":"closed","ping_status":"closed","template":"","meta":{"_bbp_topic_count":0,"_bbp_reply_count":0,"_bbp_total_topic_count":0,"_bbp_total_reply_count":0,"_bbp_voice_count":0,"_bbp_anonymous_reply_count":0,"_bbp_topic_count_hidden":0,"_bbp_reply_count_hidden":0,"_bbp_forum_subforum_count":0,"pgc_sgb_lightbox_settings":""},"acf":[],"yoast_head":"<!-- This site is optimized with the Yoast SEO plugin v18.3 - https:\/\/yoast.com\/wordpress\/plugins\/seo\/ -->\n<title>Jeu responsable - Found Treasure<\/title>\n<meta name=\"robots\" content=\"index, follow, max-snippet:-1, max-image-preview:large, max-video-preview:-1\" \/>\n<link rel=\"canonical\" href=\"https:\/\/foundtreasure.org\/fr\/jeu-responsable\/\" \/>\n<meta property=\"og:locale\" content=\"fr_FR\" \/>\n<meta property=\"og:type\" content=\"article\" \/>\n<meta property=\"og:title\" content=\"Jeu responsable - Found Treasure\" \/>\n<meta property=\"og:description\" content=\"Nous voulons que vous profitiez d\u2019une exp\u00e9rience hors du commun et nous allons le faire en prenant soin de vous. Le jeu devrait \u00eatre un pur [&hellip;]\" \/>\n<meta property=\"og:url\" content=\"https:\/\/foundtreasure.org\/fr\/jeu-responsable\/\" \/>\n<meta property=\"og:site_name\" content=\"Found Treasure\" \/>\n<meta property=\"article:modified_time\" content=\"2021-07-05T14:26:33+00:00\" \/>\n<meta name=\"twitter:card\" content=\"summary_large_image\" \/>\n<meta name=\"twitter:label1\" content=\"Dur\u00e9e de lecture estim\u00e9e\" \/>\n\t<meta name=\"twitter:data1\" content=\"5 minutes\" \/>\n<script type=\"application\/ld+json\" class=\"yoast-schema-graph\">{\"@context\":\"https:\/\/schema.org\",\"@graph\":[{\"@type\":\"Organization\",\"@id\":\"https:\/\/foundtreasure.org\/#organization\",\"name\":\"Online Casino\",\"url\":\"https:\/\/foundtreasure.org\/\",\"sameAs\":[],\"logo\":{\"@type\":\"ImageObject\",\"@id\":\"https:\/\/foundtreasure.org\/#logo\",\"inLanguage\":\"fr-FR\",\"url\":\"https:\/\/foundtreasure.org\/wp-content\/uploads\/2021\/02\/icon.png\",\"contentUrl\":\"https:\/\/foundtreasure.org\/wp-content\/uploads\/2021\/02\/icon.png\",\"width\":512,\"height\":512,\"caption\":\"Online Casino\"},\"image\":{\"@id\":\"https:\/\/foundtreasure.org\/#logo\"}},{\"@type\":\"WebSite\",\"@id\":\"https:\/\/foundtreasure.org\/#website\",\"url\":\"https:\/\/foundtreasure.org\/\",\"name\":\"Online Casino\",\"description\":\"\",\"publisher\":{\"@id\":\"https:\/\/foundtreasure.org\/#organization\"},\"potentialAction\":[{\"@type\":\"SearchAction\",\"target\":{\"@type\":\"EntryPoint\",\"urlTemplate\":\"https:\/\/foundtreasure.org\/?s={search_term_string}\"},\"query-input\":\"required name=search_term_string\"}],\"inLanguage\":\"fr-FR\"},{\"@type\":\"WebPage\",\"@id\":\"https:\/\/foundtreasure.org\/fr\/jeu-responsable\/#webpage\",\"url\":\"https:\/\/foundtreasure.org\/fr\/jeu-responsable\/\",\"name\":\"Jeu responsable - Found Treasure\",\"isPartOf\":{\"@id\":\"https:\/\/foundtreasure.org\/#website\"},\"datePublished\":\"2021-04-16T10:28:40+00:00\",\"dateModified\":\"2021-07-05T14:26:33+00:00\",\"breadcrumb\":{\"@id\":\"https:\/\/foundtreasure.org\/fr\/jeu-responsable\/#breadcrumb\"},\"inLanguage\":\"fr-FR\",\"potentialAction\":[{\"@type\":\"ReadAction\",\"target\":[\"https:\/\/foundtreasure.org\/fr\/jeu-responsable\/\"]}]},{\"@type\":\"BreadcrumbList\",\"@id\":\"https:\/\/foundtreasure.org\/fr\/jeu-responsable\/#breadcrumb\",\"itemListElement\":[{\"@type\":\"ListItem\",\"position\":1,\"name\":\"Home\",\"item\":\"https:\/\/foundtreasure.org\/fr\/\"},{\"@type\":\"ListItem\",\"position\":2,\"name\":\"Jeu responsable\"}]}]}<\/script>\n<!-- \/ Yoast SEO plugin. -->","yoast_head_json":{"title":"Jeu responsable - Found Treasure","robots":{"index":"index","follow":"follow","max-snippet":"max-snippet:-1","max-image-preview":"max-image-preview:large","max-video-preview":"max-video-preview:-1"},"canonical":"https:\/\/foundtreasure.org\/fr\/jeu-responsable\/","og_locale":"fr_FR","og_type":"article","og_title":"Jeu responsable - Found Treasure","og_description":"Nous voulons que vous profitiez d\u2019une exp\u00e9rience hors du commun et nous allons le faire en prenant soin de vous. Le jeu devrait \u00eatre un pur [&hellip;]","og_url":"https:\/\/foundtreasure.org\/fr\/jeu-responsable\/","og_site_name":"Found Treasure","article_modified_time":"2021-07-05T14:26:33+00:00","twitter_card":"summary_large_image","twitter_misc":{"Dur\u00e9e de lecture estim\u00e9e":"5 minutes"},"schema":{"@context":"https:\/\/schema.org","@graph":[{"@type":"Organization","@id":"https:\/\/foundtreasure.org\/#organization","name":"Online Casino","url":"https:\/\/foundtreasure.org\/","sameAs":[],"logo":{"@type":"ImageObject","@id":"https:\/\/foundtreasure.org\/#logo","inLanguage":"fr-FR","url":"https:\/\/foundtreasure.org\/wp-content\/uploads\/2021\/02\/icon.png","contentUrl":"https:\/\/foundtreasure.org\/wp-content\/uploads\/2021\/02\/icon.png","width":512,"height":512,"caption":"Online Casino"},"image":{"@id":"https:\/\/foundtreasure.org\/#logo"}},{"@type":"WebSite","@id":"https:\/\/foundtreasure.org\/#website","url":"https:\/\/foundtreasure.org\/","name":"Online Casino","description":"","publisher":{"@id":"https:\/\/foundtreasure.org\/#organization"},"potentialAction":[{"@type":"SearchAction","target":{"@type":"EntryPoint","urlTemplate":"https:\/\/foundtreasure.org\/?s={search_term_string}"},"query-input":"required name=search_term_string"}],"inLanguage":"fr-FR"},{"@type":"WebPage","@id":"https:\/\/foundtreasure.org\/fr\/jeu-responsable\/#webpage","url":"https:\/\/foundtreasure.org\/fr\/jeu-responsable\/","name":"Jeu responsable - Found Treasure","isPartOf":{"@id":"https:\/\/foundtreasure.org\/#website"},"datePublished":"2021-04-16T10:28:40+00:00","dateModified":"2021-07-05T14:26:33+00:00","breadcrumb":{"@id":"https:\/\/foundtreasure.org\/fr\/jeu-responsable\/#breadcrumb"},"inLanguage":"fr-FR","potentialAction":[{"@type":"ReadAction","target":["https:\/\/foundtreasure.org\/fr\/jeu-responsable\/"]}]},{"@type":"BreadcrumbList","@id":"https:\/\/foundtreasure.org\/fr\/jeu-responsable\/#breadcrumb","itemListElement":[{"@type":"ListItem","position":1,"name":"Home","item":"https:\/\/foundtreasure.org\/fr\/"},{"@type":"ListItem","position":2,"name":"Jeu responsable"}]}]}},"_links":{"self":[{"href":"https:\/\/foundtreasure.org\/fr\/wp-json\/wp\/v2\/pages\/2376"}],"collection":[{"href":"https:\/\/foundtreasure.org\/fr\/wp-json\/wp\/v2\/pages"}],"about":[{"href":"https:\/\/foundtreasure.org\/fr\/wp-json\/wp\/v2\/types\/page"}],"author":[{"embeddable":true,"href":"https:\/\/foundtreasure.org\/fr\/wp-json\/wp\/v2\/users\/1"}],"replies":[{"embeddable":true,"href":"https:\/\/foundtreasure.org\/fr\/wp-json\/wp\/v2\/comments?post=2376"}],"version-history":[{"count":2,"href":"https:\/\/foundtreasure.org\/fr\/wp-json\/wp\/v2\/pages\/2376\/revisions"}],"predecessor-version":[{"id":52704,"href":"https:\/\/foundtreasure.org\/fr\/wp-json\/wp\/v2\/pages\/2376\/revisions\/52704"}],"wp:attachment":[{"href":"https:\/\/foundtreasure.org\/fr\/wp-json\/wp\/v2\/media?parent=2376"}],"curies":[{"name":"wp","href":"https:\/\/api.w.org\/{rel}","templated":true}]}}